{"id":3,"date":"2024-03-20T15:36:03","date_gmt":"2024-03-20T15:36:03","guid":{"rendered":"https:\/\/www.dev.archimed360.com\/?page_id=3"},"modified":"2024-04-06T19:32:05","modified_gmt":"2024-04-06T23:32:05","slug":"politique-confidentialite","status":"publish","type":"page","link":"https:\/\/www.archimed-studio.com\/en\/politique-confidentialite\/","title":{"rendered":"Privacy Policy"},"content":{"rendered":"<div data-elementor-type=\"wp-page\" data-elementor-id=\"3\" class=\"elementor elementor-3\" data-elementor-post-type=\"page\">\n\t\t\t\t<div class=\"elementor-element elementor-element-f5805a4 e-con-full e-flex e-con e-parent\" data-id=\"f5805a4\" data-element_type=\"container\" data-settings=\"{&quot;background_background&quot;:&quot;classic&quot;}\">\n\t\t<div class=\"elementor-element elementor-element-99968a0 e-con-full e-flex e-con e-child\" data-id=\"99968a0\" data-element_type=\"container\">\n\t\t\t\t<div class=\"elementor-element elementor-element-c41ace8 elementor-widget elementor-widget-text-editor\" data-id=\"c41ace8\" data-element_type=\"widget\" data-widget_type=\"text-editor.default\">\n\t\t\t\t<div class=\"elementor-widget-container\">\n\t\t\t<style>\/*! elementor - v3.23.0 - 23-07-2024 *\/\n.elementor-widget-text-editor.elementor-drop-cap-view-stacked .elementor-drop-cap{background-color:#69727d;color:#fff}.elementor-widget-text-editor.elementor-drop-cap-view-framed .elementor-drop-cap{color:#69727d;border:3px solid;background-color:transparent}.elementor-widget-text-editor:not(.elementor-drop-cap-view-default) .elementor-drop-cap{margin-top:8px}.elementor-widget-text-editor:not(.elementor-drop-cap-view-default) .elementor-drop-cap-letter{width:1em;height:1em}.elementor-widget-text-editor .elementor-drop-cap{float:left;text-align:center;line-height:1;font-size:50px}.elementor-widget-text-editor .elementor-drop-cap-letter{display:inline-block}<\/style>\t\t\t\t<h1>Privacy Policy<p><\/p>\n<\/h1>\n<h3>TERMS OF USE<p><\/p>\n<\/h3>\n<p>This Archimed Studio site is provided as a service to visitors. Archimed Studio reserves the right to change, add or remove any information or material from this site at any time and for any reason.<\/p>\n<h3>COPYRIGHT AND RIGHTS<p><\/p>\n<\/h3>\n<p>All texts on the site, logos, concepts, graphics, images, sounds, information, documents and other (hereinafter referred to as \u201celements\u201d), as well as the selection, arrangement and display thereof, remain the exclusive property of Archimed Studio and\/or its clients and suppliers and are protected by the Copyright Act.<\/p>\n<p>Par la pr\u00e9sente, Archimed Studio vous autorise \u00e0 regarder, copier, t\u00e9l\u00e9charger et imprimer les documents qui sont disponibles sur ce site \u00e0 la condition expresse que ces documents ne soient utilis\u00e9s qu\u2019\u00e0 des fins personnelles, dans un but non commercial ; qu\u2019ils ne soient ni modifi\u00e9s ni redistribu\u00e9s ; et que tout copyright, marque de commerce, marque de service ou autre avis de propri\u00e9t\u00e9 soit reproduit tel qu\u2019il appara\u00eet dans ces documents. Toute personne qui d\u00e9sire obtenir l\u2019autorisation d\u2019utiliser des \u00e9l\u00e9ments prot\u00e9g\u00e9s par la Loi, marques de service ou marques de commerce doit imp\u00e9rativement en faire la demande.<\/p>\n<h3>DISCLAIMER<\/h3>\n<div>&nbsp;<\/div>\n<p>Archimed Studio will use its best efforts to provide valid information on this website, but cannot guarantee that the elements thus provided are error-free, up-to-date, accurate or complete. Any element provided on this site is provided \"as is\". In this, Archimed Studio rejects all warranties, express or implied, with respect thereto. Under no circumstances will Archimed Studio, its directors, employees, agents, vendors or suppliers be liable, directly or indirectly, for any direct, indirect, consequential, punitive, special or any other damages: loss of data, income or profits; loss or damage to property or claims of third parties arising out of or in connection with the use of this website and its contents or any other website accessible by hyperlink.<\/p>\n<h3>LINK TO A THIRD PARTY SITE<p><\/p>\n<\/h3>\n<p>As a service to visitors, and for this purpose only, Archimed Studio may provide hyperlinks to other websites. Since these hyperlinks are not under its control, Archimed Studio cannot be held responsible for the content of any website linked to its own by a hyperlink. The fact of including hyperlinks on its own site cannot in any way constitute any endorsement of the content of these sites.<\/p>\n<h3>COMMUNICATIONS TO VISITORS<\/h3>\n<div>&nbsp;<\/div>\n<p>Any comments, feedback, information or material submitted to Archimed Studio through or in association with this website will be considered non-confidential. By submitting comments, feedback, information or material to Archimed Studio, you acknowledge that Archimed Studio is free to use the content of any communication without restriction and without obligation of any compensation. Archimed Studio does not accept unsolicited ideas, works or materials. In such circumstances, you acknowledge that you are solely responsible for the risk incurred as to the use that may be made of any ideas, works or materials so distributed by you.<\/p>\n<p>Archimed Studio is committed to protecting your personal data and privacy. We only use the information you provide to us to fulfill your requests and communicate with you.&nbsp;<\/p>\n<h3>PRIVACY NOTICE (EMAIL)<\/h3>\n<div>&nbsp;<\/div>\n<p>Email messages may contain privileged or confidential information. If you are not the intended recipient of a communication or if you receive one in error, please notify the sender and destroy the message without copying it or disclosing its contents.<\/p>\n<h3>USE OF REQUESTED INFORMATION<\/h3>\n<div>&nbsp;<\/div>\n<p>In order to deliver the requested content (submission, documents, etc.) to you, we need some information about you. Your name and phone number are required to contact you if you are interested in our services. Your email address is required for the delivery of content on this site and for promotional purposes if your explicit permission has been granted.&nbsp;<\/p>\n<h3>COOKIES<\/h3>\n<div>&nbsp;<\/div>\n<p>\"Cookies\" are information that an http\/https server records on the hard drive of your computer or mobile to identify you. Our cookies do not contain confidential information, most browsers automatically accept cookies.<\/p>\n<p>When you visit our website, we place our own cookies (called first-party cookies) as well as third-party cookies on your browser or device. Some of these cookies are automatically deleted at the end of your browsing session, while others may remain on your device for up to 24 months or until you delete them. The table below explains why we use these cookies on our website.<\/p>\n<table>\n<tbody>\n<tr>\n<td>\n<p>Essential cookies&nbsp;<\/p>\n<\/td>\n<td>\n<p>We use \u201cessential\u201d cookies to ensure that our website functions properly. These cookies are necessary for fundamental functions such as navigating our website pages and accessing secure areas. It is not possible to disable the use of these cookies.<\/p>\n<\/td>\n<\/tr>\n<tr>\n<td>\n<p>Preference cookies<\/p>\n<\/td>\n<td>\n<p>We use so-called \u201cpreference cookies\u201d to identify you on subsequent visits to our website, while preserving your preferences and consents. In particular, we use a persistent cookie to record basic information about you, such as your recent searches or preferred language. This allows us to maintain a history of your interactions, such as past discussions.<\/p>\n<\/td>\n<\/tr>\n<tr>\n<td>\n<p>Analytical cookies&nbsp;<\/p>\n<\/td>\n<td>\n<p>We use analytics cookies to produce aggregated statistical data about the traffic and behavior of visitors to our website. Archimed Studio uses Google Analytics to obtain essential information such as the number of visitors, the most popular times of day, the duration and frequency of visits, the pages viewed, and the search terms used. Google Analytics helps us better understand how users interact with our website. The data collected also includes elements such as your IP address, your geographical location, information about your browser, your device identifiers, and the sites you visited before and after ours.<\/p>\n<\/td>\n<\/tr>\n<tr>\n<td>\n<p>Advertising cookies&nbsp;<\/p>\n<\/td>\n<td>\n<p>Advertising cookies play an important role in allowing us to offer you advertisements tailored to your preferences and interests. They also help us limit the frequency with which the same advertisement is presented to you, evaluate the effectiveness of our advertising campaigns and content, analyze email traffic to improve our offer, understand the customer purchasing journey, and finally, offer a personalized experience.<\/p>\n<\/td>\n<\/tr>\n<\/tbody>\n<\/table>\n<p><span style=\"font-style: inherit; font-weight: inherit; color: var( --e-global-color-text ); font-family: var( --e-global-typography-text-font-family ), Sans-serif; text-align: var(--text-align);\">You have the option to install a Google Analytics opt-out browser add-on, which will prevent the Google Analytics JavaScript code (ga.js, analytics.js, and dc.js) from transmitting information about your visits to Google Analytics. Click&nbsp;<\/span><a style=\"font-style: inherit; font-weight: inherit; font-family: var( --e-global-typography-text-font-family ), Sans-serif; text-align: var(--text-align); background-color: #020000;\" href=\"https:\/\/tools.google.com\/dlpage\/gaoptout?hl=fr\">ici<\/a><span style=\"font-style: inherit; font-weight: inherit; color: var( --e-global-color-text ); font-family: var( --e-global-typography-text-font-family ), Sans-serif; text-align: var(--text-align);\">&nbsp;pour plus d\u2019informations. Pour obtenir davantage d&rsquo;informations sur la politique de confidentialit\u00e9 de Google, veuillez consulter la page \u00ab\u00a0Politique de confidentialit\u00e9 et conditions d&rsquo;utilisation\u00a0\u00bb de Google. Cliquez&nbsp;<\/span><a style=\"font-style: inherit; font-weight: inherit; font-family: var( --e-global-typography-text-font-family ), Sans-serif; text-align: var(--text-align); background-color: #020000;\" href=\"https:\/\/policies.google.com\/privacy?hl=fr\">ici<\/a><span style=\"font-style: inherit; font-weight: inherit; color: var( --e-global-color-text ); font-family: var( --e-global-typography-text-font-family ), Sans-serif; text-align: var(--text-align);\">&nbsp;pour plus d\u2019informations.<\/span><\/p>\n<p>We adhere to the Digital Advertising Alliance and Digital Advertising Alliance of Canada\u2019s Interest-Based Advertising Principles by providing you with greater information, transparency and control over our digital marketing practices as outlined in&nbsp;<a href=\"https:\/\/youradchoices.ca\/fr\/en-savoir-plus\/\">ici<\/a>.&nbsp;<\/p>\n<h3>PROTECTION OF YOUR CONFIDENTIAL DATA<\/h3>\n<div>&nbsp;<\/div>\n<p>Archimed Studio retains personal data for a reasonable period of time, whether to allow you adequate access to the websites, fully respond to your requests, achieve the stated objectives or comply with legal provisions, whichever is the longest.<\/p>\n<p>Only relevant personnel have access to data when necessary to perform their duties related to the services and in accordance with the purposes set out in this Privacy Policy, subject to the following.<\/p>\n<p>We never share your personal data with third parties outside Archimed Studio without your consent, except in the following cases, and only if these third parties have implemented appropriate security safeguards to ensure at least the same level of security as ours:<\/p>\n<ul>\n<li aria-level=\"1\">Nos fournisseurs, qui ont \u00e9t\u00e9 s\u00e9lectionn\u00e9s pour ex\u00e9cuter certaines fonctions en notre nom, telles que le traitement et la conservation des donn\u00e9es, l&rsquo;analyse de la qualit\u00e9 du service, le suivi et la gestion des candidatures et du processus de recrutement, sont soumis \u00e0 des mesures de s\u00e9curit\u00e9. Nous veillons \u00e0 ce que ces tiers n&rsquo;aient acc\u00e8s qu&rsquo;aux informations strictement n\u00e9cessaires \u00e0 l&rsquo;ex\u00e9cution des services convenus. De plus, ils ne peuvent utiliser vos informations que dans le cadre des objectifs que nous avons d\u00e9finis, et ils doivent respecter les normes de protection des donn\u00e9es personnelles conformes aux lois en vigueur, garantissant ainsi un niveau de s\u00e9curit\u00e9 et de protection \u00e9quivalent \u00e0 celui d\u00e9crit dans notre politique de confidentialit\u00e9 ;<\/li>\n<li aria-level=\"1\">Agents, service providers and consultants will be contractually bound to use the personal information provided to them only for the purpose of providing specific services. They also undertake to maintain confidentiality in accordance with this policy and to return or destroy the personal information at the end of the business relationship. Any violation or attempted violation of these confidentiality obligations, when these actors are under the responsibility of the agents, service providers and consultants, must also be reported to Archimed Studio.<\/li>\n<\/ul>\n<p>We maintain strict security measures regarding the archiving and disclosure of information you have provided to us, in order to prevent unauthorized access. As a result, we may ask you again to prove your identity before providing you with confidential information or modifying it at your request.<\/p>\n<h3>TRANSMISSION OF YOUR CONTACT DETAILS TO THIRD PARTIES<\/h3>\n<div>&nbsp;<\/div>\n<p>By guaranteeing you the utmost confidentiality, Archimed Studio undertakes not to disclose or market to third parties any information concerning you, except under the terms of a legal constraint (by testimony in court, interrogation, request for documents, subpoena, request for civil investigation or other similar procedure following an order of a competent court, or in order to comply with the applicable conditions imposed by a government agency or other regulatory authority, or other legal obligations).<\/p>\n<h3>CONTACT THE PERSONAL INFORMATION PROTECTION OFFICER<\/h3>\n<div>&nbsp;<\/div>\n<p>This policy sets out our procedures for collecting and processing your personal data. We have included details on how we protect your privacy and your rights in relation to your personal data. Archimed Studio reserves the right to change its privacy policy at any time. In this case, it will notify all persons concerned.<\/p>\n<p>At any time, you can review, modify or request to remove all your confidential data. Do not hesitate to contact our data protection officer.<\/p>\n<p>Privacy Officer<\/p>\n<p>info@archimed-studio.com<\/p>\n<p>4450 Promenade Paton &#8211; Suite 114, LAVAL, QC &#8211; H7W 5J7<\/p>\n<p>Tel: 514 750 5070<\/p>\t\t\t\t\t\t<\/div>\n\t\t\t\t<\/div>\n\t\t\t\t<\/div>\n\t\t\t\t<\/div>\n\t\t\t\t<\/div>","protected":false},"excerpt":{"rendered":"<p>Politique de confidentialit\u00e9 CONDITIONS D\u2019UTILISATION Ce site d&rsquo;Archimed Studio est fourni \u00e0 titre de service aux visiteurs. Archimed Studio se [&hellip;]<\/p>","protected":false},"author":1,"featured_media":0,"parent":0,"menu_order":0,"comment_status":"closed","ping_status":"closed","template":"","meta":{"site-sidebar-layout":"no-sidebar","site-content-layout":"","ast-site-content-layout":"full-width-container","site-content-style":"default","site-sidebar-style":"default","ast-global-header-display":"","ast-banner-title-visibility":"","ast-main-header-display":"","ast-hfb-above-header-display":"","ast-hfb-below-header-display":"","ast-hfb-mobile-header-display":"","site-post-title":"disabled","ast-breadcrumbs-content":"","ast-featured-img":"disabled","footer-sml-layout":"","ast-disable-related-posts":"","theme-transparent-header-meta":"","adv-header-id-meta":"","stick-header-meta":"","header-above-stick-meta":"","header-main-stick-meta":"","header-below-stick-meta":"","astra-migrate-meta-layouts":"default","ast-page-background-enabled":"default","ast-page-background-meta":{"desktop":{"background-color":"var(--ast-global-color-4)","background-image":"","background-repeat":"repeat","background-position":"center center","background-size":"auto","background-attachment":"scroll","background-type":"","background-media":"","overlay-type":"","overlay-color":"","overlay-opacity":"","overlay-gradient":""},"tablet":{"background-color":"","background-image":"","background-repeat":"repeat","background-position":"center center","background-size":"auto","background-attachment":"scroll","background-type":"","background-media":"","overlay-type":"","overlay-color":"","overlay-opacity":"","overlay-gradient":""},"mobile":{"background-color":"","background-image":"","background-repeat":"repeat","background-position":"center center","background-size":"auto","background-attachment":"scroll","background-type":"","background-media":"","overlay-type":"","overlay-color":"","overlay-opacity":"","overlay-gradient":""}},"ast-content-background-meta":{"desktop":{"background-color":"var(--ast-global-color-5)","background-image":"","background-repeat":"repeat","background-position":"center center","background-size":"auto","background-attachment":"scroll","background-type":"","background-media":"","overlay-type":"","overlay-color":"","overlay-opacity":"","overlay-gradient":""},"tablet":{"background-color":"var(--ast-global-color-5)","background-image":"","background-repeat":"repeat","background-position":"center center","background-size":"auto","background-attachment":"scroll","background-type":"","background-media":"","overlay-type":"","overlay-color":"","overlay-opacity":"","overlay-gradient":""},"mobile":{"background-color":"var(--ast-global-color-5)","background-image":"","background-repeat":"repeat","background-position":"center center","background-size":"auto","background-attachment":"scroll","background-type":"","background-media":"","overlay-type":"","overlay-color":"","overlay-opacity":"","overlay-gradient":""}},"footnotes":""},"class_list":["post-3","page","type-page","status-publish","hentry"],"yoast_head":"<!-- This site is optimized with the Yoast SEO plugin v23.6 - https:\/\/yoast.com\/wordpress\/plugins\/seo\/ -->\n<title>Politique de confidentialit\u00e9 - Archimed Studio<\/title>\n<meta name=\"robots\" content=\"index, follow, max-snippet:-1, max-image-preview:large, max-video-preview:-1\" \/>\n<link rel=\"canonical\" href=\"https:\/\/www.archimed-studio.com\/en\/politique-confidentialite\/\" \/>\n<meta property=\"og:locale\" content=\"en_US\" \/>\n<meta property=\"og:type\" content=\"article\" \/>\n<meta property=\"og:title\" content=\"Politique de confidentialit\u00e9 - Archimed Studio\" \/>\n<meta property=\"og:description\" content=\"Politique de confidentialit\u00e9 CONDITIONS D\u2019UTILISATION Ce site d&rsquo;Archimed Studio est fourni \u00e0 titre de service aux visiteurs. Archimed Studio se [&hellip;]\" \/>\n<meta property=\"og:url\" content=\"https:\/\/www.archimed-studio.com\/en\/politique-confidentialite\/\" \/>\n<meta property=\"og:site_name\" content=\"Archimed Studio\" \/>\n<meta property=\"article:modified_time\" content=\"2024-04-06T23:32:05+00:00\" \/>\n<meta name=\"twitter:card\" content=\"summary_large_image\" \/>\n<meta name=\"twitter:label1\" content=\"Est. reading time\" \/>\n\t<meta name=\"twitter:data1\" content=\"10 minutes\" \/>\n<script type=\"application\/ld+json\" class=\"yoast-schema-graph\">{\"@context\":\"https:\/\/schema.org\",\"@graph\":[{\"@type\":\"WebPage\",\"@id\":\"https:\/\/www.archimed-studio.com\/politique-confidentialite\/\",\"url\":\"https:\/\/www.archimed-studio.com\/politique-confidentialite\/\",\"name\":\"Politique de confidentialit\u00e9 - Archimed Studio\",\"isPartOf\":{\"@id\":\"https:\/\/www.archimed-studio.com\/#website\"},\"datePublished\":\"2024-03-20T15:36:03+00:00\",\"dateModified\":\"2024-04-06T23:32:05+00:00\",\"breadcrumb\":{\"@id\":\"https:\/\/www.archimed-studio.com\/politique-confidentialite\/#breadcrumb\"},\"inLanguage\":\"en-CA\",\"potentialAction\":[{\"@type\":\"ReadAction\",\"target\":[\"https:\/\/www.archimed-studio.com\/politique-confidentialite\/\"]}]},{\"@type\":\"BreadcrumbList\",\"@id\":\"https:\/\/www.archimed-studio.com\/politique-confidentialite\/#breadcrumb\",\"itemListElement\":[{\"@type\":\"ListItem\",\"position\":1,\"name\":\"Accueil\",\"item\":\"https:\/\/www.archimed-studio.com\/\"},{\"@type\":\"ListItem\",\"position\":2,\"name\":\"Politique de confidentialit\u00e9\"}]},{\"@type\":\"WebSite\",\"@id\":\"https:\/\/www.archimed-studio.com\/#website\",\"url\":\"https:\/\/www.archimed-studio.com\/\",\"name\":\"Archimed Studio\",\"description\":\"Avec Archimed Studio, chaque projet devient une \u0153uvre d&#039;art.\",\"publisher\":{\"@id\":\"https:\/\/www.archimed-studio.com\/#organization\"},\"potentialAction\":[{\"@type\":\"SearchAction\",\"target\":{\"@type\":\"EntryPoint\",\"urlTemplate\":\"https:\/\/www.archimed-studio.com\/?s={search_term_string}\"},\"query-input\":{\"@type\":\"PropertyValueSpecification\",\"valueRequired\":true,\"valueName\":\"search_term_string\"}}],\"inLanguage\":\"en-CA\"},{\"@type\":\"Organization\",\"@id\":\"https:\/\/www.archimed-studio.com\/#organization\",\"name\":\"Archimed Studio\",\"url\":\"https:\/\/www.archimed-studio.com\/\",\"logo\":{\"@type\":\"ImageObject\",\"inLanguage\":\"en-CA\",\"@id\":\"https:\/\/www.archimed-studio.com\/#\/schema\/logo\/image\/\",\"url\":\"https:\/\/www.archimed-studio.com\/wp-content\/uploads\/2024\/04\/Logo_Archimed-New-FR.png\",\"contentUrl\":\"https:\/\/www.archimed-studio.com\/wp-content\/uploads\/2024\/04\/Logo_Archimed-New-FR.png\",\"width\":484,\"height\":141,\"caption\":\"Archimed Studio\"},\"image\":{\"@id\":\"https:\/\/www.archimed-studio.com\/#\/schema\/logo\/image\/\"}}]}<\/script>\n<!-- \/ Yoast SEO plugin. -->","yoast_head_json":{"title":"Politique de confidentialit\u00e9 - Archimed Studio","robots":{"index":"index","follow":"follow","max-snippet":"max-snippet:-1","max-image-preview":"max-image-preview:large","max-video-preview":"max-video-preview:-1"},"canonical":"https:\/\/www.archimed-studio.com\/en\/politique-confidentialite\/","og_locale":"en_US","og_type":"article","og_title":"Politique de confidentialit\u00e9 - Archimed Studio","og_description":"Politique de confidentialit\u00e9 CONDITIONS D\u2019UTILISATION Ce site d&rsquo;Archimed Studio est fourni \u00e0 titre de service aux visiteurs. Archimed Studio se [&hellip;]","og_url":"https:\/\/www.archimed-studio.com\/en\/politique-confidentialite\/","og_site_name":"Archimed Studio","article_modified_time":"2024-04-06T23:32:05+00:00","twitter_card":"summary_large_image","twitter_misc":{"Est. reading time":"10 minutes"},"schema":{"@context":"https:\/\/schema.org","@graph":[{"@type":"WebPage","@id":"https:\/\/www.archimed-studio.com\/politique-confidentialite\/","url":"https:\/\/www.archimed-studio.com\/politique-confidentialite\/","name":"Politique de confidentialit\u00e9 - Archimed Studio","isPartOf":{"@id":"https:\/\/www.archimed-studio.com\/#website"},"datePublished":"2024-03-20T15:36:03+00:00","dateModified":"2024-04-06T23:32:05+00:00","breadcrumb":{"@id":"https:\/\/www.archimed-studio.com\/politique-confidentialite\/#breadcrumb"},"inLanguage":"en-CA","potentialAction":[{"@type":"ReadAction","target":["https:\/\/www.archimed-studio.com\/politique-confidentialite\/"]}]},{"@type":"BreadcrumbList","@id":"https:\/\/www.archimed-studio.com\/politique-confidentialite\/#breadcrumb","itemListElement":[{"@type":"ListItem","position":1,"name":"Accueil","item":"https:\/\/www.archimed-studio.com\/"},{"@type":"ListItem","position":2,"name":"Politique de confidentialit\u00e9"}]},{"@type":"WebSite","@id":"https:\/\/www.archimed-studio.com\/#website","url":"https:\/\/www.archimed-studio.com\/","name":"Archimed Studio","description":"Avec Archimed Studio, chaque projet devient une \u0153uvre d&#039;art.","publisher":{"@id":"https:\/\/www.archimed-studio.com\/#organization"},"potentialAction":[{"@type":"SearchAction","target":{"@type":"EntryPoint","urlTemplate":"https:\/\/www.archimed-studio.com\/?s={search_term_string}"},"query-input":{"@type":"PropertyValueSpecification","valueRequired":true,"valueName":"search_term_string"}}],"inLanguage":"en-CA"},{"@type":"Organization","@id":"https:\/\/www.archimed-studio.com\/#organization","name":"Archimed Studio","url":"https:\/\/www.archimed-studio.com\/","logo":{"@type":"ImageObject","inLanguage":"en-CA","@id":"https:\/\/www.archimed-studio.com\/#\/schema\/logo\/image\/","url":"https:\/\/www.archimed-studio.com\/wp-content\/uploads\/2024\/04\/Logo_Archimed-New-FR.png","contentUrl":"https:\/\/www.archimed-studio.com\/wp-content\/uploads\/2024\/04\/Logo_Archimed-New-FR.png","width":484,"height":141,"caption":"Archimed Studio"},"image":{"@id":"https:\/\/www.archimed-studio.com\/#\/schema\/logo\/image\/"}}]}},"_links":{"self":[{"href":"https:\/\/www.archimed-studio.com\/en\/wp-json\/wp\/v2\/pages\/3","targetHints":{"allow":["GET"]}}],"collection":[{"href":"https:\/\/www.archimed-studio.com\/en\/wp-json\/wp\/v2\/pages"}],"about":[{"href":"https:\/\/www.archimed-studio.com\/en\/wp-json\/wp\/v2\/types\/page"}],"author":[{"embeddable":true,"href":"https:\/\/www.archimed-studio.com\/en\/wp-json\/wp\/v2\/users\/1"}],"replies":[{"embeddable":true,"href":"https:\/\/www.archimed-studio.com\/en\/wp-json\/wp\/v2\/comments?post=3"}],"version-history":[{"count":12,"href":"https:\/\/www.archimed-studio.com\/en\/wp-json\/wp\/v2\/pages\/3\/revisions"}],"predecessor-version":[{"id":2140,"href":"https:\/\/www.archimed-studio.com\/en\/wp-json\/wp\/v2\/pages\/3\/revisions\/2140"}],"wp:attachment":[{"href":"https:\/\/www.archimed-studio.com\/en\/wp-json\/wp\/v2\/media?parent=3"}],"curies":[{"name":"wp","href":"https:\/\/api.w.org\/{rel}","templated":true}]}}